{"id":20553,"date":"2025-05-18T10:03:09","date_gmt":"2025-05-18T16:03:09","guid":{"rendered":"https:\/\/bbig.org\/ponte-en-contacto-con\/"},"modified":"2025-07-13T20:35:26","modified_gmt":"2025-07-14T02:35:26","slug":"ponte-en-contacto-con","status":"publish","type":"page","link":"https:\/\/bbig.org\/es\/ponte-en-contacto-con\/","title":{"rendered":"Ponte en contacto con"},"content":{"rendered":"\t\t<div data-elementor-type=\"wp-page\" data-elementor-id=\"20553\" class=\"elementor elementor-20553 elementor-19164\" data-elementor-post-type=\"page\">\n\t\t\t\t<div class=\"elementor-element elementor-element-8dbf048 e-flex e-con-boxed e-con e-parent\" data-id=\"8dbf048\" data-element_type=\"container\" data-e-type=\"container\">\n\t\t\t\t\t<div class=\"e-con-inner\">\n\t\t<div class=\"elementor-element elementor-element-216ba0c e-con-full e-flex e-con e-child\" data-id=\"216ba0c\" data-element_type=\"container\" data-e-type=\"container\">\n\t\t\t\t<div class=\"elementor-element elementor-element-3ed49a6 elementor-widget elementor-widget-text-editor\" data-id=\"3ed49a6\" data-element_type=\"widget\" data-e-type=\"widget\" data-widget_type=\"text-editor.default\">\n\t\t\t\t<div class=\"elementor-widget-container\">\n\t\t\t\t\t\t\t\t\t<p><strong>Oficina de Durango<br><\/strong><span style=\"font-weight: 400;\">1199 Main Ave. Suite 203 <\/span><span style=\"font-weight: 400;\"><br><\/span><span style=\"font-weight: 400;\">(Edificio del Banco de Colorado)<\/span><\/p><p><strong>Oficina de Ignacio<br><\/strong><span style=\"font-weight: 400;\">Calle Ute, 115<\/span><span style=\"font-weight: 400;\"><br><\/span><span style=\"font-weight: 400;\">(Edificio ELHI)<\/span><\/p><p><strong>Direcci\u00f3n postal:<br><\/strong><span style=\"font-weight: 400;\">PO Box 2154<\/span><span style=\"font-weight: 400;\"><br><\/span><span style=\"font-weight: 400;\">Durango, CO 81302<\/span><\/p><p><strong>Informaci\u00f3n general: <br><\/strong><span style=\"text-decoration: underline;\"><a href=\"tel:+19702473720\" target=\"_blank\" rel=\"noopener\"><span style=\"font-weight: 400;\">(970) 247-3720 <br><\/span><\/a><a href=\"mailto:mentor@bbig.org\"><span style=\"font-weight: 400;\">mentor@bbig.org<\/span><\/a><\/span><\/p>\t\t\t\t\t\t\t\t<\/div>\n\t\t\t\t<\/div>\n\t\t\t\t<div class=\"elementor-element elementor-element-fb37741 elementor-shape-circle e-grid-align-left e-grid-align-mobile-center elementor-grid-0 elementor-widget elementor-widget-social-icons\" data-id=\"fb37741\" data-element_type=\"widget\" data-e-type=\"widget\" data-widget_type=\"social-icons.default\">\n\t\t\t\t<div class=\"elementor-widget-container\">\n\t\t\t\t\t\t\t<div class=\"elementor-social-icons-wrapper elementor-grid\" role=\"list\">\n\t\t\t\t\t\t\t<span class=\"elementor-grid-item\" role=\"listitem\">\n\t\t\t\t\t<a class=\"elementor-icon elementor-social-icon elementor-social-icon-facebook elementor-repeater-item-7f50bf0\" href=\"https:\/\/www.facebook.com\/bbbsofswco\" target=\"_blank\">\n\t\t\t\t\t\t<span class=\"elementor-screen-only\">Facebook<\/span>\n\t\t\t\t\t\t<i aria-hidden=\"true\" class=\"fab fa-facebook\"><\/i>\t\t\t\t\t<\/a>\n\t\t\t\t<\/span>\n\t\t\t\t\t\t\t<span class=\"elementor-grid-item\" role=\"listitem\">\n\t\t\t\t\t<a class=\"elementor-icon elementor-social-icon elementor-social-icon-youtube elementor-repeater-item-efcfa4f\" href=\"https:\/\/www.youtube.com\/@BigBrothersBigSistersofSWCO\" target=\"_blank\">\n\t\t\t\t\t\t<span class=\"elementor-screen-only\">Youtube<\/span>\n\t\t\t\t\t\t<i aria-hidden=\"true\" class=\"fab fa-youtube\"><\/i>\t\t\t\t\t<\/a>\n\t\t\t\t<\/span>\n\t\t\t\t\t\t\t<span class=\"elementor-grid-item\" role=\"listitem\">\n\t\t\t\t\t<a class=\"elementor-icon elementor-social-icon elementor-social-icon-instagram elementor-repeater-item-cee236c\" href=\"https:\/\/www.instagram.com\/bbbsofswco\/\" target=\"_blank\">\n\t\t\t\t\t\t<span class=\"elementor-screen-only\">Instagram<\/span>\n\t\t\t\t\t\t<i aria-hidden=\"true\" class=\"fab fa-instagram\"><\/i>\t\t\t\t\t<\/a>\n\t\t\t\t<\/span>\n\t\t\t\t\t<\/div>\n\t\t\t\t\t\t<\/div>\n\t\t\t\t<\/div>\n\t\t\t\t<\/div>\n\t\t<div class=\"elementor-element elementor-element-14368c0 e-con-full e-flex e-con e-child\" data-id=\"14368c0\" data-element_type=\"container\" data-e-type=\"container\">\n\t\t\t\t<div class=\"elementor-element elementor-element-2e6dcf0 elementor-widget elementor-widget-heading\" data-id=\"2e6dcf0\" data-element_type=\"widget\" data-e-type=\"widget\" data-widget_type=\"heading.default\">\n\t\t\t\t<div class=\"elementor-widget-container\">\n\t\t\t\t\t<h2 class=\"elementor-heading-title elementor-size-default\">Ponte en contacto<\/h2>\t\t\t\t<\/div>\n\t\t\t\t<\/div>\n\t\t\t\t<div class=\"elementor-element elementor-element-1059027 elementor-widget elementor-widget-text-editor\" data-id=\"1059027\" data-element_type=\"widget\" data-e-type=\"widget\" data-widget_type=\"text-editor.default\">\n\t\t\t\t<div class=\"elementor-widget-container\">\n\t\t\t\t\t\t\t\t\t<p><strong>Tanto si tienes una PEQUE\u00d1A pregunta como una GRAN idea, nos encantar\u00eda conocer tu opini\u00f3n.  <\/strong><\/p>\t\t\t\t\t\t\t\t<\/div>\n\t\t\t\t<\/div>\n\t\t\t\t<div class=\"elementor-element elementor-element-3d00f62 elementor-button-align-stretch elementor-widget elementor-widget-form\" data-id=\"3d00f62\" data-element_type=\"widget\" data-e-type=\"widget\" data-settings=\"{&quot;step_next_label&quot;:&quot;Siguiente&quot;,&quot;step_previous_label&quot;:&quot;Anterior&quot;,&quot;button_width&quot;:&quot;100&quot;,&quot;step_type&quot;:&quot;number_text&quot;,&quot;step_icon_shape&quot;:&quot;circle&quot;}\" data-widget_type=\"form.default\">\n\t\t\t\t<div class=\"elementor-widget-container\">\n\t\t\t\t\t\t\t<form class=\"elementor-form\" method=\"post\" name=\"Nuevo formulario\" aria-label=\"Nuevo formulario\">\n\t\t\t<input type=\"hidden\" name=\"post_id\" value=\"20553\"\/>\n\t\t\t<input type=\"hidden\" name=\"form_id\" value=\"3d00f62\"\/>\n\t\t\t<input type=\"hidden\" name=\"referer_title\" value=\"Cont\u00e1ctanos | Big Brothers Big Sisters del Suroeste de Colorado\" \/>\n\n\t\t\t\t\t\t\t<input type=\"hidden\" name=\"queried_id\" value=\"20553\"\/>\n\t\t\t\n\t\t\t<div class=\"elementor-form-fields-wrapper elementor-labels-\">\n\t\t\t\t\t\t\t\t<div class=\"elementor-field-type-text elementor-field-group elementor-column elementor-field-group-name elementor-col-100\">\n\t\t\t\t\t\t\t\t\t\t\t\t<label for=\"form-field-name\" class=\"elementor-field-label elementor-screen-only\">\n\t\t\t\t\t\t\t\tNombre\t\t\t\t\t\t\t<\/label>\n\t\t\t\t\t\t\t\t\t\t\t\t\t\t<input size=\"1\" type=\"text\" name=\"form_fields[name]\" id=\"form-field-name\" class=\"elementor-field elementor-size-sm  elementor-field-textual\" placeholder=\"Nombre\">\n\t\t\t\t\t\t\t\t\t\t\t<\/div>\n\t\t\t\t\t\t\t\t<div class=\"elementor-field-type-email elementor-field-group elementor-column elementor-field-group-email elementor-col-100 elementor-field-required\">\n\t\t\t\t\t\t\t\t\t\t\t\t<label for=\"form-field-email\" class=\"elementor-field-label elementor-screen-only\">\n\t\t\t\t\t\t\t\tEnv\u00eda un correo electr\u00f3nico a\t\t\t\t\t\t\t<\/label>\n\t\t\t\t\t\t\t\t\t\t\t\t\t\t<input size=\"1\" type=\"email\" name=\"form_fields[email]\" id=\"form-field-email\" class=\"elementor-field elementor-size-sm  elementor-field-textual\" placeholder=\"Env\u00eda un correo electr\u00f3nico a\" required=\"required\">\n\t\t\t\t\t\t\t\t\t\t\t<\/div>\n\t\t\t\t\t\t\t\t<div class=\"elementor-field-type-textarea elementor-field-group elementor-column elementor-field-group-field_4479260 elementor-col-100\">\n\t\t\t\t\t\t\t\t\t\t\t\t<label for=\"form-field-field_4479260\" class=\"elementor-field-label elementor-screen-only\">\n\t\t\t\t\t\t\t\tMensaje\t\t\t\t\t\t\t<\/label>\n\t\t\t\t\t\t<textarea class=\"elementor-field-textual elementor-field  elementor-size-sm\" name=\"form_fields[field_4479260]\" id=\"form-field-field_4479260\" rows=\"4\" placeholder=\"Mensaje\"><\/textarea>\t\t\t\t<\/div>\n\t\t\t\t\t\t\t\t<div class=\"elementor-field-group elementor-column elementor-field-type-submit elementor-col-100 e-form__buttons\">\n\t\t\t\t\t<button class=\"elementor-button elementor-size-sm\" type=\"submit\">\n\t\t\t\t\t\t<span class=\"elementor-button-content-wrapper\">\n\t\t\t\t\t\t\t\t\t\t\t\t\t\t\t\t\t\t\t\t\t\t<span class=\"elementor-button-text\">Env\u00eda<\/span>\n\t\t\t\t\t\t\t\t\t\t\t\t\t<\/span>\n\t\t\t\t\t<\/button>\n\t\t\t\t<\/div>\n\t\t\t<\/div>\n\t\t<\/form>\n\t\t\t\t\t\t<\/div>\n\t\t\t\t<\/div>\n\t\t\t\t<\/div>\n\t\t\t\t\t<\/div>\n\t\t\t\t<\/div>\n\t\t<div class=\"elementor-element elementor-element-136ecc9 e-flex e-con-boxed e-con e-parent\" data-id=\"136ecc9\" data-element_type=\"container\" data-e-type=\"container\">\n\t\t\t\t\t<div class=\"e-con-inner\">\n\t\t\t\t<div class=\"elementor-element elementor-element-77318f5 elementor-widget elementor-widget-html\" data-id=\"77318f5\" data-element_type=\"widget\" data-e-type=\"widget\" data-widget_type=\"html.default\">\n\t\t\t\t<div class=\"elementor-widget-container\">\n\t\t\t\t\t<!-- Elfsight Social Feed | Untitled Social Feed -->\r\n<script src=\"https:\/\/static.elfsight.com\/platform\/platform.js\" async=\"\"><\/script>\r\n<div class=\"elfsight-app-cd362fc7-9074-445c-afa3-957a31bd0034\" data-elfsight-app-lazy=\"\"><\/div>\t\t\t\t<\/div>\n\t\t\t\t<\/div>\n\t\t\t\t\t<\/div>\n\t\t\t\t<\/div>\n\t\t\t\t<\/div>\n\t\t","protected":false},"excerpt":{"rendered":"<p>Oficina de Durango1199 Main Ave. Suite 203 (Edificio del Banco de Colorado) Oficina de IgnacioCalle Ute, 115(Edificio ELHI) Direcci\u00f3n postal:PO Box 2154Durango, CO 81302 Informaci\u00f3n general: (970) 247-3720 mentor@bbig.org Facebook Youtube Instagram Ponte en contacto Tanto si tienes una PEQUE\u00d1A pregunta como una GRAN idea, nos encantar\u00eda conocer tu opini\u00f3n.<\/p>\n","protected":false},"author":4,"featured_media":0,"parent":0,"menu_order":0,"comment_status":"closed","ping_status":"closed","template":"elementor_header_footer","meta":{"footnotes":""},"class_list":["post-20553","page","type-page","status-publish","hentry"],"yoast_head":"<!-- This site is optimized with the Yoast SEO plugin v27.5 - https:\/\/yoast.com\/product\/yoast-seo-wordpress\/ -->\n<title>Cont\u00e1ctanos | Big Brothers Big Sisters del Suroeste de Colorado<\/title>\n<meta name=\"description\" content=\"\u00a1Cont\u00e1ctanos! Estamos aqu\u00ed para responder tus preguntas y ayudarte a involucrarte en la mentor\u00eda juvenil.\" \/>\n<meta name=\"robots\" content=\"index, follow, max-snippet:-1, max-image-preview:large, max-video-preview:-1\" \/>\n<link rel=\"canonical\" href=\"https:\/\/bbig.org\/es\/ponte-en-contacto-con\/\" \/>\n<meta property=\"og:locale\" content=\"es_ES\" \/>\n<meta property=\"og:type\" content=\"article\" \/>\n<meta property=\"og:title\" content=\"Cont\u00e1ctanos | Big Brothers Big Sisters del Suroeste de Colorado\" \/>\n<meta property=\"og:description\" content=\"\u00a1Cont\u00e1ctanos! Estamos aqu\u00ed para responder tus preguntas y ayudarte a involucrarte en la mentor\u00eda juvenil.\" \/>\n<meta property=\"og:url\" content=\"https:\/\/bbig.org\/es\/ponte-en-contacto-con\/\" \/>\n<meta property=\"og:site_name\" content=\"Big Brothers Big Sisters of Southwest Colorado\" \/>\n<meta property=\"article:publisher\" content=\"https:\/\/www.facebook.com\/Big-Brothers-Big-Sisters-of-SW-Colorado-127447120616380\/\" \/>\n<meta property=\"article:modified_time\" content=\"2025-07-14T02:35:26+00:00\" \/>\n<meta property=\"og:image\" content=\"https:\/\/i0.wp.com\/bbig.org\/wp-content\/uploads\/2018\/12\/cropped-RGB_Primary-154-690x361-1.png?fit=690%2C361&ssl=1\" \/>\n\t<meta property=\"og:image:width\" content=\"690\" \/>\n\t<meta property=\"og:image:height\" content=\"361\" \/>\n\t<meta property=\"og:image:type\" content=\"image\/png\" \/>\n<meta name=\"twitter:card\" content=\"summary_large_image\" \/>\n<meta name=\"twitter:label1\" content=\"Tiempo de lectura\" \/>\n\t<meta name=\"twitter:data1\" content=\"1 minuto\" \/>\n<script type=\"application\/ld+json\" class=\"yoast-schema-graph\">{\"@context\":\"https:\\\/\\\/schema.org\",\"@graph\":[{\"@type\":\"WebPage\",\"@id\":\"https:\\\/\\\/bbig.org\\\/es\\\/ponte-en-contacto-con\\\/\",\"url\":\"https:\\\/\\\/bbig.org\\\/es\\\/ponte-en-contacto-con\\\/\",\"name\":\"Cont\u00e1ctanos | Big Brothers Big Sisters del Suroeste de Colorado\",\"isPartOf\":{\"@id\":\"https:\\\/\\\/bbig.org\\\/#website\"},\"datePublished\":\"2025-05-18T16:03:09+00:00\",\"dateModified\":\"2025-07-14T02:35:26+00:00\",\"description\":\"\u00a1Cont\u00e1ctanos! Estamos aqu\u00ed para responder tus preguntas y ayudarte a involucrarte en la mentor\u00eda juvenil.\",\"breadcrumb\":{\"@id\":\"https:\\\/\\\/bbig.org\\\/es\\\/ponte-en-contacto-con\\\/#breadcrumb\"},\"inLanguage\":\"es\",\"potentialAction\":[{\"@type\":\"ReadAction\",\"target\":[\"https:\\\/\\\/bbig.org\\\/es\\\/ponte-en-contacto-con\\\/\"]}]},{\"@type\":\"BreadcrumbList\",\"@id\":\"https:\\\/\\\/bbig.org\\\/es\\\/ponte-en-contacto-con\\\/#breadcrumb\",\"itemListElement\":[{\"@type\":\"ListItem\",\"position\":1,\"name\":\"Home\",\"item\":\"https:\\\/\\\/bbig.org\\\/es\\\/inicio\\\/\"},{\"@type\":\"ListItem\",\"position\":2,\"name\":\"Ponte en contacto con\"}]},{\"@type\":\"WebSite\",\"@id\":\"https:\\\/\\\/bbig.org\\\/#website\",\"url\":\"https:\\\/\\\/bbig.org\\\/\",\"name\":\"Big Brothers Big Sisters of Southwest Colorado\",\"description\":\"It Takes Little to Be BIG\",\"publisher\":{\"@id\":\"https:\\\/\\\/bbig.org\\\/#organization\"},\"potentialAction\":[{\"@type\":\"SearchAction\",\"target\":{\"@type\":\"EntryPoint\",\"urlTemplate\":\"https:\\\/\\\/bbig.org\\\/?s={search_term_string}\"},\"query-input\":{\"@type\":\"PropertyValueSpecification\",\"valueRequired\":true,\"valueName\":\"search_term_string\"}}],\"inLanguage\":\"es\"},{\"@type\":\"Organization\",\"@id\":\"https:\\\/\\\/bbig.org\\\/#organization\",\"name\":\"Big Brothers Big Sisters of America\",\"url\":\"https:\\\/\\\/bbig.org\\\/\",\"logo\":{\"@type\":\"ImageObject\",\"inLanguage\":\"es\",\"@id\":\"https:\\\/\\\/bbig.org\\\/#\\\/schema\\\/logo\\\/image\\\/\",\"url\":\"https:\\\/\\\/i0.wp.com\\\/bbig.org\\\/wp-content\\\/uploads\\\/2018\\\/12\\\/cropped-RGB_Primary-154-690x361-1.png?fit=690%2C361&ssl=1\",\"contentUrl\":\"https:\\\/\\\/i0.wp.com\\\/bbig.org\\\/wp-content\\\/uploads\\\/2018\\\/12\\\/cropped-RGB_Primary-154-690x361-1.png?fit=690%2C361&ssl=1\",\"width\":690,\"height\":361,\"caption\":\"Big Brothers Big Sisters of America\"},\"image\":{\"@id\":\"https:\\\/\\\/bbig.org\\\/#\\\/schema\\\/logo\\\/image\\\/\"},\"sameAs\":[\"https:\\\/\\\/www.facebook.com\\\/Big-Brothers-Big-Sisters-of-SW-Colorado-127447120616380\\\/\"]}]}<\/script>\n<!-- \/ Yoast SEO plugin. -->","yoast_head_json":{"title":"Cont\u00e1ctanos | Big Brothers Big Sisters del Suroeste de Colorado","description":"\u00a1Cont\u00e1ctanos! Estamos aqu\u00ed para responder tus preguntas y ayudarte a involucrarte en la mentor\u00eda juvenil.","robots":{"index":"index","follow":"follow","max-snippet":"max-snippet:-1","max-image-preview":"max-image-preview:large","max-video-preview":"max-video-preview:-1"},"canonical":"https:\/\/bbig.org\/es\/ponte-en-contacto-con\/","og_locale":"es_ES","og_type":"article","og_title":"Cont\u00e1ctanos | Big Brothers Big Sisters del Suroeste de Colorado","og_description":"\u00a1Cont\u00e1ctanos! Estamos aqu\u00ed para responder tus preguntas y ayudarte a involucrarte en la mentor\u00eda juvenil.","og_url":"https:\/\/bbig.org\/es\/ponte-en-contacto-con\/","og_site_name":"Big Brothers Big Sisters of Southwest Colorado","article_publisher":"https:\/\/www.facebook.com\/Big-Brothers-Big-Sisters-of-SW-Colorado-127447120616380\/","article_modified_time":"2025-07-14T02:35:26+00:00","og_image":[{"width":690,"height":361,"url":"https:\/\/i0.wp.com\/bbig.org\/wp-content\/uploads\/2018\/12\/cropped-RGB_Primary-154-690x361-1.png?fit=690%2C361&ssl=1","type":"image\/png"}],"twitter_card":"summary_large_image","twitter_misc":{"Tiempo de lectura":"1 minuto"},"schema":{"@context":"https:\/\/schema.org","@graph":[{"@type":"WebPage","@id":"https:\/\/bbig.org\/es\/ponte-en-contacto-con\/","url":"https:\/\/bbig.org\/es\/ponte-en-contacto-con\/","name":"Cont\u00e1ctanos | Big Brothers Big Sisters del Suroeste de Colorado","isPartOf":{"@id":"https:\/\/bbig.org\/#website"},"datePublished":"2025-05-18T16:03:09+00:00","dateModified":"2025-07-14T02:35:26+00:00","description":"\u00a1Cont\u00e1ctanos! Estamos aqu\u00ed para responder tus preguntas y ayudarte a involucrarte en la mentor\u00eda juvenil.","breadcrumb":{"@id":"https:\/\/bbig.org\/es\/ponte-en-contacto-con\/#breadcrumb"},"inLanguage":"es","potentialAction":[{"@type":"ReadAction","target":["https:\/\/bbig.org\/es\/ponte-en-contacto-con\/"]}]},{"@type":"BreadcrumbList","@id":"https:\/\/bbig.org\/es\/ponte-en-contacto-con\/#breadcrumb","itemListElement":[{"@type":"ListItem","position":1,"name":"Home","item":"https:\/\/bbig.org\/es\/inicio\/"},{"@type":"ListItem","position":2,"name":"Ponte en contacto con"}]},{"@type":"WebSite","@id":"https:\/\/bbig.org\/#website","url":"https:\/\/bbig.org\/","name":"Big Brothers Big Sisters of Southwest Colorado","description":"It Takes Little to Be BIG","publisher":{"@id":"https:\/\/bbig.org\/#organization"},"potentialAction":[{"@type":"SearchAction","target":{"@type":"EntryPoint","urlTemplate":"https:\/\/bbig.org\/?s={search_term_string}"},"query-input":{"@type":"PropertyValueSpecification","valueRequired":true,"valueName":"search_term_string"}}],"inLanguage":"es"},{"@type":"Organization","@id":"https:\/\/bbig.org\/#organization","name":"Big Brothers Big Sisters of America","url":"https:\/\/bbig.org\/","logo":{"@type":"ImageObject","inLanguage":"es","@id":"https:\/\/bbig.org\/#\/schema\/logo\/image\/","url":"https:\/\/i0.wp.com\/bbig.org\/wp-content\/uploads\/2018\/12\/cropped-RGB_Primary-154-690x361-1.png?fit=690%2C361&ssl=1","contentUrl":"https:\/\/i0.wp.com\/bbig.org\/wp-content\/uploads\/2018\/12\/cropped-RGB_Primary-154-690x361-1.png?fit=690%2C361&ssl=1","width":690,"height":361,"caption":"Big Brothers Big Sisters of America"},"image":{"@id":"https:\/\/bbig.org\/#\/schema\/logo\/image\/"},"sameAs":["https:\/\/www.facebook.com\/Big-Brothers-Big-Sisters-of-SW-Colorado-127447120616380\/"]}]}},"jetpack_sharing_enabled":true,"jetpack_shortlink":"https:\/\/wp.me\/P9x72d-5lv","amp_enabled":false,"_links":{"self":[{"href":"https:\/\/bbig.org\/es\/wp-json\/wp\/v2\/pages\/20553","targetHints":{"allow":["GET"]}}],"collection":[{"href":"https:\/\/bbig.org\/es\/wp-json\/wp\/v2\/pages"}],"about":[{"href":"https:\/\/bbig.org\/es\/wp-json\/wp\/v2\/types\/page"}],"author":[{"embeddable":true,"href":"https:\/\/bbig.org\/es\/wp-json\/wp\/v2\/users\/4"}],"replies":[{"embeddable":true,"href":"https:\/\/bbig.org\/es\/wp-json\/wp\/v2\/comments?post=20553"}],"version-history":[{"count":17,"href":"https:\/\/bbig.org\/es\/wp-json\/wp\/v2\/pages\/20553\/revisions"}],"predecessor-version":[{"id":22022,"href":"https:\/\/bbig.org\/es\/wp-json\/wp\/v2\/pages\/20553\/revisions\/22022"}],"wp:attachment":[{"href":"https:\/\/bbig.org\/es\/wp-json\/wp\/v2\/media?parent=20553"}],"curies":[{"name":"wp","href":"https:\/\/api.w.org\/{rel}","templated":true}]}}