{"id":21420,"date":"2018-08-29T15:23:09","date_gmt":"2018-08-29T21:23:09","guid":{"rendered":"https:\/\/bbig.org\/politica-de-privacidad\/"},"modified":"2025-06-24T12:27:08","modified_gmt":"2025-06-24T18:27:08","slug":"politica-de-privacidad","status":"publish","type":"page","link":"https:\/\/bbig.org\/es\/politica-de-privacidad\/","title":{"rendered":"Pol\u00edtica de privacidad"},"content":{"rendered":"\t\t<div data-elementor-type=\"wp-page\" data-elementor-id=\"21420\" class=\"elementor elementor-21420 elementor-719\" data-elementor-post-type=\"page\">\n\t\t\t\t<div class=\"elementor-element elementor-element-c88ebef e-flex e-con-boxed e-con e-parent\" data-id=\"c88ebef\" data-element_type=\"container\" data-e-type=\"container\">\n\t\t\t\t\t<div class=\"e-con-inner\">\n\t\t<div class=\"elementor-element elementor-element-336f236 e-con-full e-flex e-con e-child\" data-id=\"336f236\" data-element_type=\"container\" data-e-type=\"container\">\n\t\t\t\t<div class=\"elementor-element elementor-element-f003619 elementor-widget elementor-widget-heading\" data-id=\"f003619\" data-element_type=\"widget\" data-e-type=\"widget\" data-widget_type=\"heading.default\">\n\t\t\t\t<div class=\"elementor-widget-container\">\n\t\t\t\t\t<h2 class=\"elementor-heading-title elementor-size-default\">Pol\u00edtica de privacidad<\/h2>\t\t\t\t<\/div>\n\t\t\t\t<\/div>\n\t\t\t\t<div class=\"elementor-element elementor-element-81ae16f elementor-widget elementor-widget-text-editor\" data-id=\"81ae16f\" data-element_type=\"widget\" data-e-type=\"widget\" data-widget_type=\"text-editor.default\">\n\t\t\t\t<div class=\"elementor-widget-container\">\n\t\t\t\t\t\t\t\t\t<p><strong><span style=\"color: #000000;\">Revisado el 18\/3\/2022<\/span><\/strong><\/p><p><span style=\"color: #000000;\">B<\/span><span style=\"color: #000000; font-family: var( --e-global-typography-text-font-family ), verdana; font-weight: var( --e-global-typography-text-font-weight ); font-size: 1em;\">ig Brothers, Big Sisters of Southwest Colorado, en adelante (BBBS SW CO), concede una gran prioridad a la protecci\u00f3n de tu privacidad. Esta pol\u00edtica de privacidad se cre\u00f3 para demostrar el firme compromiso de BBBS SW CO con la privacidad de nuestros miembros y usuarios del sitio web. Esta pol\u00edtica explica qu\u00e9 tipo de informaci\u00f3n recoge el sitio web de BBBS SW CO&#8217;, <a href=\"http:\/\/www.bbig.org\" rel=\"nofollow\">http:\/\/www.bbig.org<\/a>, y c\u00f3mo se utiliza esta informaci\u00f3n. En caso de violaci\u00f3n de los datos, Big Brothers Big Sisters of Southwest Colorado informar\u00e1 de ello a un responsable del programa OJP en un plazo m\u00e1ximo de 24 horas desde que se produzca una violaci\u00f3n real o se detecte una violaci\u00f3n inminente.<\/span><\/p><p><span style=\"color: #000000;\">Qu\u00e9 informaci\u00f3n de identificaci\u00f3n personal se recoge<\/span><br><span style=\"color: #000000;\">Los miembros de BBBS SW CO que se registran en <a href=\"http:\/\/www.bbig.org\" rel=\"nofollow\">http:\/\/www.bbig.org<\/a> y las personas que se inscriben para recibir comunicaciones electr\u00f3nicas de BBBS SW CO nos proporcionan voluntariamente informaci\u00f3n de contacto (como nombre y direcci\u00f3n de correo electr\u00f3nico). Podemos utilizar esta informaci\u00f3n para fines espec\u00edficos y limitados. Siempre puedes \u201cexcluirte\u201d, ahora o en cualquier momento en el futuro, si no deseas recibir nuestros mensajes.<\/span><\/p><p><span style=\"color: #000000;\">Direcciones IP<\/span><br><span style=\"color: #000000;\">El BBBS SW CO utiliza tu direcci\u00f3n IP para ayudar a diagnosticar problemas con nuestro servidor, para administrar <a href=\"http:\/\/www.bbig.org\" rel=\"nofollow\">http:\/\/www.bbig.org<\/a>, y para m\u00e9tricas estad\u00edsticas utilizadas para rastrear el tr\u00e1fico de visitantes del sitio web.<\/span><\/p><p><span style=\"color: #000000;\">Cookies<\/span><br><span style=\"color: #000000;\"><a href=\"http:\/\/www.bbig.org\" rel=\"nofollow\">http:\/\/www.bbig.org<\/a> utiliza mensajes \u201ccookie\u201d para ayudar autom\u00e1ticamente a proporcionar mejores servicios. Nos recuerdan qui\u00e9n eres y tus preferencias para nuestro sitio web bas\u00e1ndose en lo que has hecho y nos has dicho antes. La \u201ccookie\u201d se coloca en tu ordenador y se lee cuando vuelves a nuestro sitio web. Las cookies nos permiten llevarte a la informaci\u00f3n y funciones que m\u00e1s te interesan. Tambi\u00e9n nos permiten hacer un seguimiento de tu uso de <a href=\"http:\/\/www.bbig.org\" rel=\"nofollow\">http:\/\/www.bbig.org<\/a>, para saber qu\u00e9 partes de nuestros sitios son las m\u00e1s populares. Puedes rechazar las cookies o cancelarlas indic\u00e1ndoselo a tu navegador Web.<\/span><\/p><p><span style=\"color: #000000;\">C\u00f3mo puede utilizarse tu informaci\u00f3n<\/span><br><span style=\"color: #000000;\">Utilizamos tus datos personales para proporcionarte un servicio personalizado; para enviarte alertas por correo electr\u00f3nico; para responder a tus peticiones; para procesar tu solicitud de afiliaci\u00f3n; etc. Puedes optar por excluirte en cualquier momento, con lo que cesar\u00e1n todas nuestras comunicaciones. Tambi\u00e9n podemos utilizar tu informaci\u00f3n para hacer un seguimiento de los visitantes de nuestro sitio web. Esto nos permite ver cu\u00e1les de nuestras funciones son las m\u00e1s populares para poder atender mejor las necesidades de nuestros usuarios. Tambi\u00e9n nos permite proporcionar datos agregados sobre nuestro tr\u00e1fico (sin identificarte personalmente, pero mostrando cu\u00e1ntos visitantes utilizaron qu\u00e9 funciones, por ejemplo) a terceros.<\/span><\/p><p><span style=\"color: #000000;\">Privacidad del correo electr\u00f3nico<\/span><br><span style=\"color: #000000;\">Las BBBS SW CO no proporcionan, venden ni alquilan direcciones de correo electr\u00f3nico a nadie fuera de la organizaci\u00f3n.<\/span><\/p><p><span style=\"color: #000000;\">Enlaces externos<\/span><br><span style=\"color: #000000;\"><a href=\"http:\/\/www.bbig.org\" rel=\"nofollow\">http:\/\/www.bbig.org<\/a> incluye enlaces a sitios web externos. Estos enlaces no pertenecen al dominio <a href=\"http:\/\/www.bbig.org\" rel=\"nofollow\">http:\/\/www.bbig.org<\/a>, y el BBBS SW CO no es responsable de las pr\u00e1cticas de privacidad ni del contenido de los sitios web externos. El uso que hagas de cualquier sitio web enlazado corre exclusivamente por tu cuenta y riesgo.<\/span><\/p><p><span style=\"color: #000000;\">Modificaciones<\/span><br><span style=\"color: #000000;\">Podemos modificar esta pol\u00edtica de privacidad de vez en cuando; rev\u00edsala peri\u00f3dicamente. Mantenemos la opci\u00f3n de modificar esta privacidad en cualquier momento mediante notificaci\u00f3n electr\u00f3nica publicada en nuestro sitio web. Si sigues utilizando nuestro sitio Web despu\u00e9s de la fecha en que se publiquen dichos avisos, se considerar\u00e1 que aceptas las condiciones modificadas.<\/span><\/p>\t\t\t\t\t\t\t\t<\/div>\n\t\t\t\t<\/div>\n\t\t\t\t<\/div>\n\t\t\t\t\t<\/div>\n\t\t\t\t<\/div>\n\t\t\t\t<\/div>\n\t\t","protected":false},"excerpt":{"rendered":"<p>Pol\u00edtica de privacidad Revisado el 18\/3\/2022 Big Brothers, Big Sisters of Southwest Colorado, en adelante (BBBS SW CO), concede una gran prioridad a la protecci\u00f3n de tu privacidad. Esta pol\u00edtica de privacidad se cre\u00f3 para demostrar el firme compromiso de BBBS SW CO con la privacidad de nuestros miembros y usuarios del sitio web. Esta [&hellip;]<\/p>\n","protected":false},"author":4,"featured_media":0,"parent":0,"menu_order":0,"comment_status":"closed","ping_status":"closed","template":"elementor_header_footer","meta":{"footnotes":""},"class_list":["post-21420","page","type-page","status-publish","hentry"],"yoast_head":"<!-- This site is optimized with the Yoast SEO plugin v27.6 - https:\/\/yoast.com\/product\/yoast-seo-wordpress\/ -->\n<title>Pol\u00edtica de Privacidad | Big Brothers Big Sisters del Suroeste de Colorado<\/title>\n<meta name=\"description\" content=\"Conoce c\u00f3mo Big Brothers Big Sisters del Suroeste de Colorado recopila, utiliza y protege tu informaci\u00f3n personal.\" \/>\n<meta name=\"robots\" content=\"index, follow, max-snippet:-1, max-image-preview:large, max-video-preview:-1\" \/>\n<link rel=\"canonical\" href=\"https:\/\/bbig.org\/es\/politica-de-privacidad\/\" \/>\n<meta property=\"og:locale\" content=\"es_ES\" \/>\n<meta property=\"og:type\" content=\"article\" \/>\n<meta property=\"og:title\" content=\"Pol\u00edtica de Privacidad | Big Brothers Big Sisters del Suroeste de Colorado\" \/>\n<meta property=\"og:description\" content=\"Conoce c\u00f3mo Big Brothers Big Sisters del Suroeste de Colorado recopila, utiliza y protege tu informaci\u00f3n personal.\" \/>\n<meta property=\"og:url\" content=\"https:\/\/bbig.org\/es\/politica-de-privacidad\/\" \/>\n<meta property=\"og:site_name\" content=\"Big Brothers Big Sisters of Southwest Colorado\" \/>\n<meta property=\"article:publisher\" content=\"https:\/\/www.facebook.com\/Big-Brothers-Big-Sisters-of-SW-Colorado-127447120616380\/\" \/>\n<meta property=\"article:modified_time\" content=\"2025-06-24T18:27:08+00:00\" \/>\n<meta property=\"og:image\" content=\"https:\/\/i0.wp.com\/bbig.org\/wp-content\/uploads\/2018\/12\/cropped-RGB_Primary-154-690x361-1.png?fit=690%2C361&ssl=1\" \/>\n\t<meta property=\"og:image:width\" content=\"690\" \/>\n\t<meta property=\"og:image:height\" content=\"361\" \/>\n\t<meta property=\"og:image:type\" content=\"image\/png\" \/>\n<meta name=\"twitter:card\" content=\"summary_large_image\" \/>\n<meta name=\"twitter:label1\" content=\"Tiempo de lectura\" \/>\n\t<meta name=\"twitter:data1\" content=\"3 minutos\" \/>\n<script type=\"application\/ld+json\" class=\"yoast-schema-graph\">{\"@context\":\"https:\\\/\\\/schema.org\",\"@graph\":[{\"@type\":\"WebPage\",\"@id\":\"https:\\\/\\\/bbig.org\\\/es\\\/politica-de-privacidad\\\/\",\"url\":\"https:\\\/\\\/bbig.org\\\/es\\\/politica-de-privacidad\\\/\",\"name\":\"Pol\u00edtica de Privacidad | Big Brothers Big Sisters del Suroeste de Colorado\",\"isPartOf\":{\"@id\":\"https:\\\/\\\/bbig.org\\\/#website\"},\"datePublished\":\"2018-08-29T21:23:09+00:00\",\"dateModified\":\"2025-06-24T18:27:08+00:00\",\"description\":\"Conoce c\u00f3mo Big Brothers Big Sisters del Suroeste de Colorado recopila, utiliza y protege tu informaci\u00f3n personal.\",\"breadcrumb\":{\"@id\":\"https:\\\/\\\/bbig.org\\\/es\\\/politica-de-privacidad\\\/#breadcrumb\"},\"inLanguage\":\"es\",\"potentialAction\":[{\"@type\":\"ReadAction\",\"target\":[\"https:\\\/\\\/bbig.org\\\/es\\\/politica-de-privacidad\\\/\"]}]},{\"@type\":\"BreadcrumbList\",\"@id\":\"https:\\\/\\\/bbig.org\\\/es\\\/politica-de-privacidad\\\/#breadcrumb\",\"itemListElement\":[{\"@type\":\"ListItem\",\"position\":1,\"name\":\"Home\",\"item\":\"https:\\\/\\\/bbig.org\\\/es\\\/inicio\\\/\"},{\"@type\":\"ListItem\",\"position\":2,\"name\":\"Pol\u00edtica de privacidad\"}]},{\"@type\":\"WebSite\",\"@id\":\"https:\\\/\\\/bbig.org\\\/#website\",\"url\":\"https:\\\/\\\/bbig.org\\\/\",\"name\":\"Big Brothers Big Sisters of Southwest Colorado\",\"description\":\"It Takes Little to Be BIG\",\"publisher\":{\"@id\":\"https:\\\/\\\/bbig.org\\\/#organization\"},\"potentialAction\":[{\"@type\":\"SearchAction\",\"target\":{\"@type\":\"EntryPoint\",\"urlTemplate\":\"https:\\\/\\\/bbig.org\\\/?s={search_term_string}\"},\"query-input\":{\"@type\":\"PropertyValueSpecification\",\"valueRequired\":true,\"valueName\":\"search_term_string\"}}],\"inLanguage\":\"es\"},{\"@type\":\"Organization\",\"@id\":\"https:\\\/\\\/bbig.org\\\/#organization\",\"name\":\"Big Brothers Big Sisters of America\",\"url\":\"https:\\\/\\\/bbig.org\\\/\",\"logo\":{\"@type\":\"ImageObject\",\"inLanguage\":\"es\",\"@id\":\"https:\\\/\\\/bbig.org\\\/#\\\/schema\\\/logo\\\/image\\\/\",\"url\":\"https:\\\/\\\/i0.wp.com\\\/bbig.org\\\/wp-content\\\/uploads\\\/2018\\\/12\\\/cropped-RGB_Primary-154-690x361-1.png?fit=690%2C361&ssl=1\",\"contentUrl\":\"https:\\\/\\\/i0.wp.com\\\/bbig.org\\\/wp-content\\\/uploads\\\/2018\\\/12\\\/cropped-RGB_Primary-154-690x361-1.png?fit=690%2C361&ssl=1\",\"width\":690,\"height\":361,\"caption\":\"Big Brothers Big Sisters of America\"},\"image\":{\"@id\":\"https:\\\/\\\/bbig.org\\\/#\\\/schema\\\/logo\\\/image\\\/\"},\"sameAs\":[\"https:\\\/\\\/www.facebook.com\\\/Big-Brothers-Big-Sisters-of-SW-Colorado-127447120616380\\\/\"]}]}<\/script>\n<!-- \/ Yoast SEO plugin. -->","yoast_head_json":{"title":"Pol\u00edtica de Privacidad | Big Brothers Big Sisters del Suroeste de Colorado","description":"Conoce c\u00f3mo Big Brothers Big Sisters del Suroeste de Colorado recopila, utiliza y protege tu informaci\u00f3n personal.","robots":{"index":"index","follow":"follow","max-snippet":"max-snippet:-1","max-image-preview":"max-image-preview:large","max-video-preview":"max-video-preview:-1"},"canonical":"https:\/\/bbig.org\/es\/politica-de-privacidad\/","og_locale":"es_ES","og_type":"article","og_title":"Pol\u00edtica de Privacidad | Big Brothers Big Sisters del Suroeste de Colorado","og_description":"Conoce c\u00f3mo Big Brothers Big Sisters del Suroeste de Colorado recopila, utiliza y protege tu informaci\u00f3n personal.","og_url":"https:\/\/bbig.org\/es\/politica-de-privacidad\/","og_site_name":"Big Brothers Big Sisters of Southwest Colorado","article_publisher":"https:\/\/www.facebook.com\/Big-Brothers-Big-Sisters-of-SW-Colorado-127447120616380\/","article_modified_time":"2025-06-24T18:27:08+00:00","og_image":[{"width":690,"height":361,"url":"https:\/\/i0.wp.com\/bbig.org\/wp-content\/uploads\/2018\/12\/cropped-RGB_Primary-154-690x361-1.png?fit=690%2C361&ssl=1","type":"image\/png"}],"twitter_card":"summary_large_image","twitter_misc":{"Tiempo de lectura":"3 minutos"},"schema":{"@context":"https:\/\/schema.org","@graph":[{"@type":"WebPage","@id":"https:\/\/bbig.org\/es\/politica-de-privacidad\/","url":"https:\/\/bbig.org\/es\/politica-de-privacidad\/","name":"Pol\u00edtica de Privacidad | Big Brothers Big Sisters del Suroeste de Colorado","isPartOf":{"@id":"https:\/\/bbig.org\/#website"},"datePublished":"2018-08-29T21:23:09+00:00","dateModified":"2025-06-24T18:27:08+00:00","description":"Conoce c\u00f3mo Big Brothers Big Sisters del Suroeste de Colorado recopila, utiliza y protege tu informaci\u00f3n personal.","breadcrumb":{"@id":"https:\/\/bbig.org\/es\/politica-de-privacidad\/#breadcrumb"},"inLanguage":"es","potentialAction":[{"@type":"ReadAction","target":["https:\/\/bbig.org\/es\/politica-de-privacidad\/"]}]},{"@type":"BreadcrumbList","@id":"https:\/\/bbig.org\/es\/politica-de-privacidad\/#breadcrumb","itemListElement":[{"@type":"ListItem","position":1,"name":"Home","item":"https:\/\/bbig.org\/es\/inicio\/"},{"@type":"ListItem","position":2,"name":"Pol\u00edtica de privacidad"}]},{"@type":"WebSite","@id":"https:\/\/bbig.org\/#website","url":"https:\/\/bbig.org\/","name":"Big Brothers Big Sisters of Southwest Colorado","description":"It Takes Little to Be BIG","publisher":{"@id":"https:\/\/bbig.org\/#organization"},"potentialAction":[{"@type":"SearchAction","target":{"@type":"EntryPoint","urlTemplate":"https:\/\/bbig.org\/?s={search_term_string}"},"query-input":{"@type":"PropertyValueSpecification","valueRequired":true,"valueName":"search_term_string"}}],"inLanguage":"es"},{"@type":"Organization","@id":"https:\/\/bbig.org\/#organization","name":"Big Brothers Big Sisters of America","url":"https:\/\/bbig.org\/","logo":{"@type":"ImageObject","inLanguage":"es","@id":"https:\/\/bbig.org\/#\/schema\/logo\/image\/","url":"https:\/\/i0.wp.com\/bbig.org\/wp-content\/uploads\/2018\/12\/cropped-RGB_Primary-154-690x361-1.png?fit=690%2C361&ssl=1","contentUrl":"https:\/\/i0.wp.com\/bbig.org\/wp-content\/uploads\/2018\/12\/cropped-RGB_Primary-154-690x361-1.png?fit=690%2C361&ssl=1","width":690,"height":361,"caption":"Big Brothers Big Sisters of America"},"image":{"@id":"https:\/\/bbig.org\/#\/schema\/logo\/image\/"},"sameAs":["https:\/\/www.facebook.com\/Big-Brothers-Big-Sisters-of-SW-Colorado-127447120616380\/"]}]}},"jetpack_sharing_enabled":true,"jetpack_shortlink":"https:\/\/wp.me\/P9x72d-5zu","amp_enabled":false,"_links":{"self":[{"href":"https:\/\/bbig.org\/es\/wp-json\/wp\/v2\/pages\/21420","targetHints":{"allow":["GET"]}}],"collection":[{"href":"https:\/\/bbig.org\/es\/wp-json\/wp\/v2\/pages"}],"about":[{"href":"https:\/\/bbig.org\/es\/wp-json\/wp\/v2\/types\/page"}],"author":[{"embeddable":true,"href":"https:\/\/bbig.org\/es\/wp-json\/wp\/v2\/users\/4"}],"replies":[{"embeddable":true,"href":"https:\/\/bbig.org\/es\/wp-json\/wp\/v2\/comments?post=21420"}],"version-history":[{"count":1,"href":"https:\/\/bbig.org\/es\/wp-json\/wp\/v2\/pages\/21420\/revisions"}],"predecessor-version":[{"id":21421,"href":"https:\/\/bbig.org\/es\/wp-json\/wp\/v2\/pages\/21420\/revisions\/21421"}],"wp:attachment":[{"href":"https:\/\/bbig.org\/es\/wp-json\/wp\/v2\/media?parent=21420"}],"curies":[{"name":"wp","href":"https:\/\/api.w.org\/{rel}","templated":true}]}}